{"id":8,"date":"2012-04-17T23:28:58","date_gmt":"2012-04-17T23:28:58","guid":{"rendered":"https:\/\/papnovelde2.hu\/?page_id=8"},"modified":"2012-05-08T16:01:12","modified_gmt":"2012-05-08T14:01:12","slug":"elerhetoseg","status":"publish","type":"page","link":"https:\/\/papnovelde2.hu\/?page_id=8","title":{"rendered":"El\u00e9rhet\u0151s\u00e9g"},"content":{"rendered":"<p style=\"text-align: justify;\">A T\u00e1rsash\u00e1zunk a belv\u00e1rosban tal\u00e1lhat\u00f3 a Papn\u00f6velde utc\u00e1ban tal\u00e1lhat\u00f3, melynek nev\u00e9t az utca t\u00fals\u00f3 oldal\u00e1n 1801 \u00f3ta m\u0171k\u00f6d\u0151 <a href=\"http:\/\/www.kpi.hu\/index.html\" target=\"_blank\">szemin\u00e1riumnak<\/a>, r\u00e9giesen papn\u00f6veld\u00e9nek k\u00f6sz\u00f6nhetj\u00fck.<\/p>\n<p style=\"text-align: justify;\">A h\u00e1zunk pinc\u00e9j\u00e9ben tal\u00e1lhat\u00f3 Arany Oroszl\u00e1n Klub weboldal\u00e1n tanulm\u00e1nyozhatj\u00e1k az <a href=\"http:\/\/oroszlanklub.com\/elerhetoseg\/\" target=\"_blank\">\u00e9p\u00fclet el\u00e9rhet\u0151s\u00e9g\u00e9t<\/a>, a <a href=\"http:\/\/oroszlanklub.com\/fontos-lehet\/parkolas\/\" target=\"_blank\">parkol\u00e1si lehet\u0151s\u00e9geket<\/a>, stb.<\/p>\n<p style=\"text-align: justify;\">\n","protected":false},"excerpt":{"rendered":"<p>A T\u00e1rsash\u00e1zunk a belv\u00e1rosban tal\u00e1lhat\u00f3 a Papn\u00f6velde utc\u00e1ban tal\u00e1lhat\u00f3, melynek nev\u00e9t az utca t\u00fals\u00f3 oldal\u00e1n 1801 \u00f3ta m\u0171k\u00f6d\u0151 szemin\u00e1riumnak, r\u00e9giesen papn\u00f6veld\u00e9nek k\u00f6sz\u00f6nhetj\u00fck. A h\u00e1zunk pinc\u00e9j\u00e9ben tal\u00e1lhat\u00f3 Arany Oroszl\u00e1n Klub weboldal\u00e1n&#8230;<\/p>\n","protected":false},"author":1,"featured_media":0,"parent":0,"menu_order":20,"comment_status":"open","ping_status":"open","template":"","meta":{"footnotes":""},"class_list":["post-8","page","type-page","status-publish","hentry","entry","simple"],"_links":{"self":[{"href":"https:\/\/papnovelde2.hu\/index.php?rest_route=\/wp\/v2\/pages\/8","targetHints":{"allow":["GET"]}}],"collection":[{"href":"https:\/\/papnovelde2.hu\/index.php?rest_route=\/wp\/v2\/pages"}],"about":[{"href":"https:\/\/papnovelde2.hu\/index.php?rest_route=\/wp\/v2\/types\/page"}],"author":[{"embeddable":true,"href":"https:\/\/papnovelde2.hu\/index.php?rest_route=\/wp\/v2\/users\/1"}],"replies":[{"embeddable":true,"href":"https:\/\/papnovelde2.hu\/index.php?rest_route=%2Fwp%2Fv2%2Fcomments&post=8"}],"version-history":[{"count":5,"href":"https:\/\/papnovelde2.hu\/index.php?rest_route=\/wp\/v2\/pages\/8\/revisions"}],"predecessor-version":[{"id":306,"href":"https:\/\/papnovelde2.hu\/index.php?rest_route=\/wp\/v2\/pages\/8\/revisions\/306"}],"wp:attachment":[{"href":"https:\/\/papnovelde2.hu\/index.php?rest_route=%2Fwp%2Fv2%2Fmedia&parent=8"}],"curies":[{"name":"wp","href":"https:\/\/api.w.org\/{rel}","templated":true}]}}