{"id":63,"date":"2012-04-18T03:18:50","date_gmt":"2012-04-18T01:18:50","guid":{"rendered":"https:\/\/papnovelde2.hu\/?page_id=63"},"modified":"2012-07-22T19:41:28","modified_gmt":"2012-07-22T17:41:28","slug":"arany-oroszlan-klub","status":"publish","type":"page","link":"https:\/\/papnovelde2.hu\/?page_id=63","title":{"rendered":"Arany Oroszl\u00e1n Klub"},"content":{"rendered":"<p style=\"text-align: justify;\">A T\u00e1rsash\u00e1z tulajdonosai l\u00e9trehoztak egy a hajdani patika nev\u00e9re eml\u00e9keztet\u0151 klubot, k\u00f6z\u00f6ss\u00e9gi teret. Akit \u00e9rdekel, hogy mir\u0151l is sz\u00f3l a dolog, <a href=\"http:\/\/oroszlanklub.com\/koszonto\/\" target=\"_blank\">ide kattintva olvashatja el<\/a>.<\/p>\n","protected":false},"excerpt":{"rendered":"<p>A T\u00e1rsash\u00e1z tulajdonosai l\u00e9trehoztak egy a hajdani patika nev\u00e9re eml\u00e9keztet\u0151 klubot, k\u00f6z\u00f6ss\u00e9gi teret. Akit \u00e9rdekel, hogy mir\u0151l is sz\u00f3l a dolog, ide kattintva olvashatja el.<\/p>\n","protected":false},"author":1,"featured_media":0,"parent":41,"menu_order":40,"comment_status":"closed","ping_status":"closed","template":"","meta":{"footnotes":""},"class_list":["post-63","page","type-page","status-publish","hentry","entry","simple"],"_links":{"self":[{"href":"https:\/\/papnovelde2.hu\/index.php?rest_route=\/wp\/v2\/pages\/63","targetHints":{"allow":["GET"]}}],"collection":[{"href":"https:\/\/papnovelde2.hu\/index.php?rest_route=\/wp\/v2\/pages"}],"about":[{"href":"https:\/\/papnovelde2.hu\/index.php?rest_route=\/wp\/v2\/types\/page"}],"author":[{"embeddable":true,"href":"https:\/\/papnovelde2.hu\/index.php?rest_route=\/wp\/v2\/users\/1"}],"replies":[{"embeddable":true,"href":"https:\/\/papnovelde2.hu\/index.php?rest_route=%2Fwp%2Fv2%2Fcomments&post=63"}],"version-history":[{"count":4,"href":"https:\/\/papnovelde2.hu\/index.php?rest_route=\/wp\/v2\/pages\/63\/revisions"}],"predecessor-version":[{"id":492,"href":"https:\/\/papnovelde2.hu\/index.php?rest_route=\/wp\/v2\/pages\/63\/revisions\/492"}],"up":[{"embeddable":true,"href":"https:\/\/papnovelde2.hu\/index.php?rest_route=\/wp\/v2\/pages\/41"}],"wp:attachment":[{"href":"https:\/\/papnovelde2.hu\/index.php?rest_route=%2Fwp%2Fv2%2Fmedia&parent=63"}],"curies":[{"name":"wp","href":"https:\/\/api.w.org\/{rel}","templated":true}]}}