{"id":55,"date":"2012-04-18T03:15:27","date_gmt":"2012-04-18T01:15:27","guid":{"rendered":"https:\/\/papnovelde2.hu\/?page_id=55"},"modified":"2016-12-09T01:44:53","modified_gmt":"2016-12-09T00:44:53","slug":"tulajdonosoknak","status":"publish","type":"page","link":"https:\/\/papnovelde2.hu\/?page_id=55","title":{"rendered":"Tulajdonosoknak"},"content":{"rendered":"<p style=\"text-align: justify;\"><a href=\"https:\/\/papnovelde2.hu\/tulajdonosoknak\/attachment\/2012-04-24_012509\/\" rel=\"attachment wp-att-191\"><img loading=\"lazy\" decoding=\"async\" class=\"alignright wp-image-191\" title=\"Priv\u00e1t ter\u00fclet\" src=\"https:\/\/papnovelde2.hu\/wp-content\/uploads\/2012\/04\/2012-04-24_012509.png\" alt=\"\" width=\"146\" height=\"155\" \/><\/a>Ebben a men\u00fcpontban bels\u0151 inform\u00e1ci\u00f3kat gy\u0171jt\u00f6tt\u00fcnk \u00f6ssze, melyek hasznosak lehetnek az egym\u00e1s k\u00f6z\u00f6tti kommunik\u00e1ci\u00f3ban. Arra k\u00e9r\u00fcnk a tulajdonost\u00e1rsakat, hogy ezeket az adatokat ne tekints\u00e9k publikusnak. A bel\u00e9p\u00e9shez sz\u00fcks\u00e9ges jelsz\u00f3t a <a href=\"https:\/\/papnovelde2.hu\/?page_id=14\">k\u00f6z\u00f6s k\u00e9pvisel\u0151nek<\/a>, vagy a <a href=\"https:\/\/papnovelde2.hu\/?page_id=14\">gondnoknak<\/a> \u00edrt email-ben, vagy telefonon kaphatj\u00e1k meg.<\/p>\n<p style=\"text-align: justify;\">\n","protected":false},"excerpt":{"rendered":"<p>Ebben a men\u00fcpontban bels\u0151 inform\u00e1ci\u00f3kat gy\u0171jt\u00f6tt\u00fcnk \u00f6ssze, melyek hasznosak lehetnek az egym\u00e1s k\u00f6z\u00f6tti kommunik\u00e1ci\u00f3ban. Arra k\u00e9r\u00fcnk a tulajdonost\u00e1rsakat, hogy ezeket az adatokat ne tekints\u00e9k publikusnak. A bel\u00e9p\u00e9shez sz\u00fcks\u00e9ges jelsz\u00f3t a&#8230;<\/p>\n","protected":false},"author":1,"featured_media":0,"parent":0,"menu_order":70,"comment_status":"closed","ping_status":"closed","template":"","meta":{"footnotes":""},"class_list":["post-55","page","type-page","status-publish","hentry","entry","simple"],"_links":{"self":[{"href":"https:\/\/papnovelde2.hu\/index.php?rest_route=\/wp\/v2\/pages\/55","targetHints":{"allow":["GET"]}}],"collection":[{"href":"https:\/\/papnovelde2.hu\/index.php?rest_route=\/wp\/v2\/pages"}],"about":[{"href":"https:\/\/papnovelde2.hu\/index.php?rest_route=\/wp\/v2\/types\/page"}],"author":[{"embeddable":true,"href":"https:\/\/papnovelde2.hu\/index.php?rest_route=\/wp\/v2\/users\/1"}],"replies":[{"embeddable":true,"href":"https:\/\/papnovelde2.hu\/index.php?rest_route=%2Fwp%2Fv2%2Fcomments&post=55"}],"version-history":[{"count":7,"href":"https:\/\/papnovelde2.hu\/index.php?rest_route=\/wp\/v2\/pages\/55\/revisions"}],"predecessor-version":[{"id":1280,"href":"https:\/\/papnovelde2.hu\/index.php?rest_route=\/wp\/v2\/pages\/55\/revisions\/1280"}],"wp:attachment":[{"href":"https:\/\/papnovelde2.hu\/index.php?rest_route=%2Fwp%2Fv2%2Fmedia&parent=55"}],"curies":[{"name":"wp","href":"https:\/\/api.w.org\/{rel}","templated":true}]}}