{"id":43,"date":"2012-04-18T03:09:46","date_gmt":"2012-04-18T01:09:46","guid":{"rendered":"https:\/\/papnovelde2.hu\/?page_id=43"},"modified":"2012-07-22T19:17:58","modified_gmt":"2012-07-22T17:17:58","slug":"rath-haz","status":"publish","type":"page","link":"https:\/\/papnovelde2.hu\/?page_id=43","title":{"rendered":"R\u00e1th-h\u00e1z"},"content":{"rendered":"<p style=\"text-align: justify;\">A redundancia elker\u00fcl\u00e9s \u00e9rdek\u00e9ben az Arany Oroszl\u00e1n Klub weboldal\u00e1ra navig\u00e1lunk, ahol a R\u00e1th-h\u00e1zr\u00f3l tudni \u00e9rdemes inform\u00e1ci\u00f3kat <a href=\"http:\/\/oroszlanklub.com\/koszonto\/rath-haz\/\" target=\"_blank\">erre a linkre kattintva<\/a> lehet el\u00e9rni.<\/p>\n","protected":false},"excerpt":{"rendered":"<p>A redundancia elker\u00fcl\u00e9s \u00e9rdek\u00e9ben az Arany Oroszl\u00e1n Klub weboldal\u00e1ra navig\u00e1lunk, ahol a R\u00e1th-h\u00e1zr\u00f3l tudni \u00e9rdemes inform\u00e1ci\u00f3kat erre a linkre kattintva lehet el\u00e9rni.<\/p>\n","protected":false},"author":1,"featured_media":0,"parent":41,"menu_order":10,"comment_status":"open","ping_status":"open","template":"","meta":{"footnotes":""},"class_list":["post-43","page","type-page","status-publish","hentry","entry","simple"],"_links":{"self":[{"href":"https:\/\/papnovelde2.hu\/index.php?rest_route=\/wp\/v2\/pages\/43","targetHints":{"allow":["GET"]}}],"collection":[{"href":"https:\/\/papnovelde2.hu\/index.php?rest_route=\/wp\/v2\/pages"}],"about":[{"href":"https:\/\/papnovelde2.hu\/index.php?rest_route=\/wp\/v2\/types\/page"}],"author":[{"embeddable":true,"href":"https:\/\/papnovelde2.hu\/index.php?rest_route=\/wp\/v2\/users\/1"}],"replies":[{"embeddable":true,"href":"https:\/\/papnovelde2.hu\/index.php?rest_route=%2Fwp%2Fv2%2Fcomments&post=43"}],"version-history":[{"count":3,"href":"https:\/\/papnovelde2.hu\/index.php?rest_route=\/wp\/v2\/pages\/43\/revisions"}],"predecessor-version":[{"id":488,"href":"https:\/\/papnovelde2.hu\/index.php?rest_route=\/wp\/v2\/pages\/43\/revisions\/488"}],"up":[{"embeddable":true,"href":"https:\/\/papnovelde2.hu\/index.php?rest_route=\/wp\/v2\/pages\/41"}],"wp:attachment":[{"href":"https:\/\/papnovelde2.hu\/index.php?rest_route=%2Fwp%2Fv2%2Fmedia&parent=43"}],"curies":[{"name":"wp","href":"https:\/\/api.w.org\/{rel}","templated":true}]}}