{"id":20,"date":"2012-04-17T23:33:39","date_gmt":"2012-04-17T23:33:39","guid":{"rendered":"https:\/\/papnovelde2.hu\/?page_id=20"},"modified":"2023-01-12T11:14:32","modified_gmt":"2023-01-12T10:14:32","slug":"szolgaltatok","status":"publish","type":"page","link":"https:\/\/papnovelde2.hu\/?page_id=20","title":{"rendered":"Akikre sz\u00e1m\u00edtunk"},"content":{"rendered":"<h3>Mell\u00e9kv\u00edz\u00f3ra beszerel\u00e9s tervez\u00e9se:<\/h3>\n<p>Mint k\u00f6ztudott, a lak\u00e1sokban elhelyezett mell\u00e9kv\u00edz\u00f3r\u00e1kat\u00a0<strong>nyolc \u00e9vente<\/strong>\u00a0cser\u00e9lni illetve hiteles\u00edteni kell. (A hat \u00e9ves ciklust 2012. szeptember 1-j\u00e9t\u0151l a m\u00e9g nem lej\u00e1rt mell\u00e9kv\u00edz\u00f3r\u00e1kra k\u00e9t \u00e9vvel megn\u00f6velt\u00e9k.)<\/p>\n<ul>\n<li>Dem\u00e9ny J\u00f3zsef 20\/979-41-81 tervez\u00e9s \u00e9s enged\u00e9lyeztet\u00e9s: nett\u00f3 15,000.- Ft (2015-ben), V\u00edzm\u0171vek terv j\u00f3v\u00e1hagy\u00e1sa 3,771.- Ft, szerel\u0151 kb. 15,000.- Ft\/v\u00edz\u00f3ra (anyaggal egy\u00fctt), plomb\u00e1l\u00e1s, hiteles\u00edt\u00e9s 5,580.- Ft (Az \u00e9rv\u00e9nyes\u00edt\u00e9st a Hexa\u00e9der Kft. jogosult elv\u00e9gezni.) (2012.m\u00e1jus)<\/li>\n<\/ul>\n<h3>Villanyszerel\u0151:<\/h3>\n<ul>\n<li>Tari J\u00e1nos 20\/340-47-63 korrekt \u00e1rak, j\u00f3 szakmai felk\u00e9sz\u00fclts\u00e9g.<\/li>\n<li>Bodn\u00e1r Istv\u00e1n 30\/995-30-21 az ELM\u0170 alkalmazottja, \u0151k voltak itt a 16-25 A-es b\u0151v\u00edt\u00e9st elv\u00e9gezni a f\u00f6ldszinten. Mindenf\u00e9le enged\u00e9ly\u00fck van, az a benyom\u00e1som, hogy el\u00e9g vastagon fogna a ceruz\u00e1juk, ha maszekban dolgozn\u00e1nak, de biztosan j\u00f3 szakemberek. (zsuzsubt@freemail.hu) (2012. m\u00e1jus)<\/li>\n<li>Csat\u00e1di J\u00e1nos 30\/962-65-81 csatadijanos@gmail.com (nem is tudom&#8230;)<\/li>\n<\/ul>\n<h3>Kaputelefon:<\/h3>\n<ul>\n<li>Malatinszki L\u00e1szl\u00f3 &#8211; digkaputelefonos: kaputelefon@yahoo.com (+36\/70\/420-40-08)<\/li>\n<li>Codefon-Solar Kft.,\u00a01095 Budapest Soroks\u00e1ri u. 110. \u00a0<a href=\"www.codefon.hu\">www.codefon.hu<\/a> alkatr\u00e9sze, fed\u0151lap a kaputelefonunkhoz.<\/li>\n<\/ul>\n<h3>Postal\u00e1da:<\/h3>\n<ul>\n<li>Trezor-Liktor Zrt. 5600 B\u00e9k\u00e9scsaba, Ill\u00e9sh\u00e1zi \u00fat 18.\u00a0<a href=\"http:\/\/trezor.hu\/\">http:\/\/trezor.hu\/<\/a>\u00a0(T\u00edpus: belt\u00e9ri, sz\u00fcrke, cikksz\u00e1m: 9111-11163. A kapott kulcson van egy sz\u00e1m, azzal lehet \u00faj kulcsot rendelni. 900.- Ft.)<\/li>\n<\/ul>\n<h3>\u00c9p\u00fcletg\u00e9p\u00e9sz:<\/h3>\n<ul>\n<li>Sur\u00e1nyi Pali email:\u00a0pali@suranyi.info (seg\u00edt\u0151k\u00e9sz, t\u00e1j\u00e9kozott, konzult\u00e1lni hajland\u00f3, munk\u00e1t most nem v\u00e1llal).<\/li>\n<li>Varga J\u00f3zsef \u00fc. m\u00e9rn\u00f6k tel.: 20\/368-07-82. (Egyeki Zsolttal dolgozott 10 \u00e9vet, r\u00e1men\u0151s, j\u00f3 szakember.)<\/li>\n<li>Lovas J\u00f3zsef tel.: 70\/245-33-41 (Csaba L\u00e1szl\u00f3 Zsolt ismer\u0151se)<\/li>\n<li>Horv\u00e1th Ern\u0151 tel.: 20\/934-31-44 hep.boss@heptech.hu<\/li>\n<li>Z\u00e1mb\u00f3 Istv\u00e1n tel.: 30\/949-63-05<\/li>\n<\/ul>\n<h3>F\u0150K\u00c9T\u00dcSZ V. ker\u00fcleti kirendelts\u00e9g:<\/h3>\n<ul>\n<li>Tel.: 318-5479; C\u00edm: VI. R\u00f3zsa u. 95. H,CS: 8-15, K,P:8-11, SZ:8-20, E-mail:\u00a0<a href=\"mailto:fktsz05@kemenysepro.hu\">fktsz05@kemenysepro.hu<\/a>\u00a0A k\u00e9m\u00e9nyvizsg\u00e1lat megrendel\u00e9st e-mail-ben is le lehet adni. Schnee J\u00e1nos (2012.)<\/li>\n<\/ul>\n<h3><span style=\"font-size: 1.17em;\">M\u0171szeres Szolg\u00e1ltat\u00f3 \u00e9s Tervfel\u00fcgyel\u0151 Iroda (turb\u00f3 kaz\u00e1nok F\u0150K\u00c9T\u00dcSZ-e):<\/span><\/h3>\n<ul>\n<li>Tel.: 460-3080, 460-3081,\u00a0460-3083,\u00a0460-3085; C\u00edm: XIV. R\u00e1kospatak u. 70-72. E-mail: nincs Terv fel\u00fclvizsg\u00e1lat, lakhat\u00e1sihoz, haszn\u00e1latba v\u00e9telhez, \u00e9p\u00edt\u00e9si enged\u00e9lyhez szakv\u00e9lem\u00e9ny. Szerelt \u00e9s furan flex k\u00e9m\u00e9nyek \u00e1tv\u00e9tele, k\u00f6zponti k\u00e9m\u00e9nyek m\u00e9retez\u00e9se a profiljuk. Turb\u00f3 kaz\u00e1nok eset\u00e9n nem a F\u0150K\u00c9T\u00dcSZ, hanem ez a c\u00e9g az illet\u00e9kes!<\/li>\n<\/ul>\n<h3>Kaz\u00e1n szerviz:<\/h3>\n<ul>\n<li>Zatrok Renee 30\/269-00-01<\/li>\n<li>DETTO-SERVICE BT. 1155. Budapest Kolozsv\u00e1r u. 46\/A. Tel.:\u00a0333-8175\u00a0email: dettogazszerviz@invitel.hu<\/li>\n<li>Inter Futy Kft. 1136 Bp. T\u00e1tra u.5\/a. 80\/205-351 (villamos szerel\u00e9ssel, \u00e9p\u00fcletg\u00e9p\u00e9szettel is foglalkoznak).<\/li>\n<li>R\u00f6zge Zsolt (Junkers,&#8230;): 30\/942-01-86 Honlap\u00a0<a href=\"http:\/\/www.xn--gzkszlk-hwa8ed1s.net\/\" target=\"_blank\" rel=\"noopener\">itt<\/a>.<\/li>\n<\/ul>\n<h3>Ablakfel\u00faj\u00edt\u00e1s:<\/h3>\n<ul>\n<li>Az \u00e9p\u00fclet m\u0171eml\u00e9ki v\u00e9delme miatt az ablakfel\u00faj\u00edt\u00e1s a j\u00f3 v\u00e1laszt\u00e1s, ha nem akarjuk a bajuszunkat \u00f6sszeakasztani a m\u0171eml\u00e9kesekkel. R\u00e1cz Ferenc c\u00e9ge erre szakosodott. El\u00e9rhet\u0151s\u00e9ge: +36 62\/485-459,\u00a0+36 20\/351-1038, Web:\u00a0http:\/\/www.xn--ablakfeljts-t7a8mmh.hu\/\u00a0Email:\u00a0info@ablakfelujitas.hu<\/li>\n<\/ul>\n<h3>T\u0171zrend\u00e9szeti szak\u00e9rt\u0151:<\/h3>\n<ul>\n<li>T\u0171zrend\u00e9szeti szab\u00e1lyzat k\u00e9sz\u00edt\u00e9s &#8211; Dany\u00e1di Ferenc Tel.: 30\/274-03-07 E-mail: <a href=\"mailto:danyadi.ferenc@ensaf.hu\">danyadi.ferenc@ensaf.hu<\/a><\/li>\n<\/ul>\n<h3>Csatorna-, v\u00edz- \u00e9s g\u00e1zszerel\u00e9s:<\/h3>\n<ul>\n<li>Polonkai G\u00e1bor Indoor Design Kft. 30\/82-00-00-6 E-mail: info@indoor-design.hu C\u00edm: 1125 Bp., T\u00e1ltos u. 14. Web:\u00a0<a href=\"http:\/\/indoor-design.hu\/\">http:\/\/indoor-design.hu\/<\/a><\/li>\n<li>Dinny\u00e9s Zsolt, D\u00c9ZS\u00c9 Kft. 30\/213-80-06 E-mail: info@gaz-a-z.hu Web:\u00a0<a href=\"http:\/\/gaz-a-z.hu\/\" target=\"_blank\" rel=\"noopener\">http:\/\/gaz-a-z.hu\/<\/a>\u00a0G\u00e1zszerel\u00e9s \u00e9s lak\u00e1sfel\u00faj\u00edt\u00e1s is.<\/li>\n<\/ul>\n<h3>Tet\u0151fed\u00e9s, tet\u0151csatorna tiszt\u00edt\u00e1s, k\u00e9m\u00e9nytechnika, homlokzat:<\/h3>\n<ul>\n<li>Vigh P\u00e9ter k\u00e9m\u00e9nytechnika. Tel.: 20\/951-43-67 (Cs. L. Zs. koll\u00e9g\u00e1ja)<\/li>\n<li>Csaba L\u00e1szl\u00f3 Zsolt alpin technik\u00e1val dolgozik. tel.: 20\/324-35-33 email: ahegymaszo@gmail.com<\/li>\n<li>Polisander KKT, Kov\u00e1cs Attila 30\/954-47-64 Web:\u00a0<a href=\"http:\/\/galambriaszto.info\/\">http:\/\/galambriaszto.info\/<\/a><\/li>\n<li>L\u00f3kai G\u00e1bor k\u00e9m\u00e9nyek, homlokzat. Tel.: 20\/935-33-54 www.lghomlokzat.hu<\/li>\n<\/ul>\n<h3>Megb\u00edzhat\u00f3 szakemberek, akik a kisebb feladatokat <span style=\"text-decoration: underline;\" data-mce-mark=\"1\">is<\/span> tisztess\u00e9ggel v\u00e1llalj\u00e1k:<\/h3>\n<ul>\n<li>Patakv\u00f6lgyi J\u00f3zsef 30\/533-44-55 (ezermester)<\/li>\n<\/ul>\n<div>\n<h3>Sal\u00e9tromos, nedves falak szigetel\u00e9se:<\/h3>\n<ul>\n<li>Nagy K\u00e1roly \u00c9p\u00fcletdiagnosztika 20\/530-75-55\u00a0<a href=\"http:\/\/vizesfal.com\/index.htm\">http:\/\/vizesfal.com\/index.htm<\/a><\/li>\n<\/ul>\n<\/div>\n","protected":false},"excerpt":{"rendered":"<p>Mell\u00e9kv\u00edz\u00f3ra beszerel\u00e9s tervez\u00e9se: Mint k\u00f6ztudott, a lak\u00e1sokban elhelyezett mell\u00e9kv\u00edz\u00f3r\u00e1kat\u00a0nyolc \u00e9vente\u00a0cser\u00e9lni illetve hiteles\u00edteni kell. (A hat \u00e9ves ciklust 2012. szeptember 1-j\u00e9t\u0151l a m\u00e9g nem lej\u00e1rt mell\u00e9kv\u00edz\u00f3r\u00e1kra k\u00e9t \u00e9vvel megn\u00f6velt\u00e9k.) Dem\u00e9ny J\u00f3zsef&#8230;<\/p>\n","protected":false},"author":1,"featured_media":0,"parent":0,"menu_order":40,"comment_status":"open","ping_status":"open","template":"","meta":{"footnotes":""},"class_list":["post-20","page","type-page","status-publish","hentry","entry","simple"],"_links":{"self":[{"href":"https:\/\/papnovelde2.hu\/index.php?rest_route=\/wp\/v2\/pages\/20","targetHints":{"allow":["GET"]}}],"collection":[{"href":"https:\/\/papnovelde2.hu\/index.php?rest_route=\/wp\/v2\/pages"}],"about":[{"href":"https:\/\/papnovelde2.hu\/index.php?rest_route=\/wp\/v2\/types\/page"}],"author":[{"embeddable":true,"href":"https:\/\/papnovelde2.hu\/index.php?rest_route=\/wp\/v2\/users\/1"}],"replies":[{"embeddable":true,"href":"https:\/\/papnovelde2.hu\/index.php?rest_route=%2Fwp%2Fv2%2Fcomments&post=20"}],"version-history":[{"count":10,"href":"https:\/\/papnovelde2.hu\/index.php?rest_route=\/wp\/v2\/pages\/20\/revisions"}],"predecessor-version":[{"id":2023,"href":"https:\/\/papnovelde2.hu\/index.php?rest_route=\/wp\/v2\/pages\/20\/revisions\/2023"}],"wp:attachment":[{"href":"https:\/\/papnovelde2.hu\/index.php?rest_route=%2Fwp%2Fv2%2Fmedia&parent=20"}],"curies":[{"name":"wp","href":"https:\/\/api.w.org\/{rel}","templated":true}]}}