{"id":18,"date":"2012-04-17T23:32:43","date_gmt":"2012-04-17T23:32:43","guid":{"rendered":"https:\/\/papnovelde2.hu\/?page_id=18"},"modified":"2024-07-11T11:41:34","modified_gmt":"2024-07-11T09:41:34","slug":"bankszamlaszam","status":"publish","type":"page","link":"https:\/\/papnovelde2.hu\/?page_id=18","title":{"rendered":"A T\u00e1rsash\u00e1z adatai (t\u00e1j\u00e9koztat\u00e1sk\u00e9nt)"},"content":{"rendered":"<p style=\"text-align: justify;\">A f\u00e9lre\u00e9rt\u00e9sek elker\u00fcl\u00e9se v\u00e9gett ez a weboldal nem a T\u00e1rsash\u00e1z hivatalos honlapja, csak n\u00e9mi t\u00e1j\u00e9koztat\u00f3&#8230;<\/p>\n<ul>\n<li>Elnevez\u00e9se (<a href=\"https:\/\/www.ceginformacio.hu\/cr9312238753\" target=\"_blank\" rel=\"noopener\">ceginformacio.hu<\/a> szerint): T\u00c1RSASH\u00c1Z 1053 PAPN\u00d6VELDE U.2.<\/li>\n<li>C\u00edme: 1053 Budapest, Papn\u00f6velde u.2.<\/li>\n<li>Helyrajzi sz\u00e1ma: 24013<\/li>\n<li>Ad\u00f3sz\u00e1m: 28502175-1-41 (a k\u00f6ztartoz\u00e1smentes ad\u00f3z\u00f3i adatb\u00e1zis egyszer\u0171 lek\u00e9rdez\u00e9se <a href=\"https:\/\/nav.gov.hu\/nav\/adatbazisok\/koztartozasmentes\/egyszeru_lekerdezes\" target=\"_blank\" rel=\"noopener\">ide kattintva<\/a> \u00e9rhet\u0151 el)<\/li>\n<li>Nyilv\u00e1ntart\u00e1sba vev\u0151 szerv: F\u0151v\u00e1rosi F\u00f6ldhivatal<\/li>\n<li>C\u00e9gjegyz\u00e9k sz\u00e1m:<\/li>\n<li><a href=\"https:\/\/belepes.ehaz.hu\/hazak\" target=\"_blank\" rel=\"noopener\">eH\u00e1z bel\u00e9p\u00e9s<\/a> lak\u00f3knak, SZVB tagoknak, k\u00f6z\u00f6s k\u00e9pvisel\u0151nek<\/li>\n<\/ul>\n<p>Banksz\u00e1mlasz\u00e1mok:<\/p>\n<ul>\n<li>\u00dczemeltet\u00e9si sz\u00e1mla:\u00a0<strong>11705008-20185697<\/strong> (GIRO sz\u00e1mlasz\u00e1m) (Ide k\u00e9rj\u00fck a k\u00f6z\u00f6s k\u00f6lts\u00e9geket!)<\/li>\n<li>Honos fi\u00f3k:\u00a01052 Budapest, De\u00e1k Ferenc utca 7-9.\u00a0Telefonsz\u00e1m(40) 366-388, (1) 3666-388<\/li>\n<li>\u00dczemeltet\u00e9si sz\u00e1mla IBAN: HU49117050082018569700000000<\/li>\n<li>\u00dczemeltet\u00e9si sz\u00e1mla SWIFT k\u00f3d: OTPVHUHB<\/li>\n<\/ul>\n<ul>\n<li>K\u00f6lts\u00e9g sz\u00e1mla:\u00a011705008-20185697 (u.a.)<\/li>\n<li>LTP sz\u00e1mla: 11773999-21299023 (m\u00e1r nem \u00e9l!)<\/li>\n<li>Fel\u00faj\u00edt\u00e1si sz\u00e1mla (?)<\/li>\n<\/ul>\n<p>Biztos\u00edt\u00f3:<\/p>\n<ul>\n<li><a href=\"http:\/\/www.groupama.hu\/\" target=\"_blank\" rel=\"noopener noreferrer\">Groupama Biztos\u00edt\u00f3<\/a>\u00a0(\u00daj n\u00e9v 2016.02.-t\u0151l) 1146 Bp., Erzs\u00e9bet kir\u00e1lyn\u00e9 \u00fatja 1\/C.; Lev.c\u00edm: 1380 Bp. Pf. 1049; Tel.: +36\/1\/467-35-00<\/li>\n<li>A biztos\u00edt\u00e1si k\u00f6tv\u00e9ny (<a href=\"http:\/\/con-spirito.hu\/p2\/2014_08_16_groupama_kotveny.pdf\">2014.08.04-i\u00a0itt olvashat\u00f3<\/a>). A jelenleg aktu\u00e1lis <a href=\"http:\/\/con-spirito.hu\/p2\/2016_05_29_groupama_p2_biztositasi_kotveny.pdf\">2016.05.03-i itt olvashat\u00f3<\/a>. Utols\u00f3 index\u00e1l\u00e1s 2023.05.15. <a href=\"https:\/\/varosvedo.hu\/P2\/2023_05_15_groupama_indexalas_20230526_0001.pdf\" target=\"_blank\" rel=\"noopener\">Itt olvashat\u00f3<\/a>.<\/li>\n<li>Szerz\u0151d\u00e9ssz\u00e1m: 839 332 319 (sz\u00f3k\u00f6z\u00f6k n\u00e9lk\u00fcl adand\u00f3 meg:\u00a0839332319)<\/li>\n<li>K\u00e1r st\u00e1tusz lek\u00e9rdez\u00e9se az el\u0151z\u0151 szerz\u0151d\u00e9ssz\u00e1mhoz <a href=\"https:\/\/www.groupama.hu\/ClaimStatusUI\/login\" target=\"_blank\" rel=\"noopener\">ide kattintva<\/a>. <span style=\"color: #ff0000;\"><strong>Hasznos<\/strong><\/span>, kell hozz\u00e1 az \u00fcgysz\u00e1m is.<\/li>\n<li>Garancia 24 gyorsszolg\u00e1lat: +36\/1\/433-91-303 (vel\u00fck van szerz\u0151d\u00e9sben a Groupama, de csak apr\u00f3 munk\u00e1kat hajland\u00f3k csin\u00e1lni. Komoly munk\u00e1ra haszn\u00e1lhatatlan t\u00e1rsas\u00e1g.)<\/li>\n<li>Online k\u00e1rbejelent\u00e9s <a href=\"https:\/\/www.groupama.hu\/hu\/magan\/karrendezes\/karbejelentes.html\" target=\"_blank\" rel=\"noopener noreferrer\">ide kattintva<\/a> int\u00e9zhet\u0151 (T\u00e1rsash\u00e1z-biztos\u00edt\u00e1st kell v\u00e1lasztani!)<\/li>\n<li>K\u00e1rfelvev\u0151: Csob\u00e1n Zsolt +36\/30\/940-65-80 (2023.01.)<\/li>\n<li>Ha valakinek biztos\u00edt\u00e1ssal kapcsolatos gondja van h\u00edvja a k\u00f6z\u00f6s k\u00e9pvisel\u0151t (30\/9-642-179).<\/li>\n<li>Ide lehet levelet k\u00fcldeni, itt lehet \u00e9rdekl\u0151dni, stb.:\u00a0<a href=\"mailto:informacio@groupamagarancia.hu\">informacio@groupamagarancia.hu<\/a><\/li>\n<\/ul>\n<p>Kor\u00e1bban (m\u00e1r nem \u00e9rv\u00e9nyes):<\/p>\n<ul>\n<li><del><a href=\"https:\/\/www.generali.hu\/GeneraliBiztosito.aspx\" target=\"_blank\" rel=\"noopener noreferrer\">Generali-Providencia Biztos\u00edt\u00f3 Zrt.<\/a><\/del><\/li>\n<li><del>1066 Budapest, Ter\u00e9z krt. 42-44.<\/del><\/li>\n<li><del>K\u00f6zpont: 40\/200-250\u00a0\u00c9rdekl\u0151d\u00e9s k\u00e1rrendez\u00e9s \u00fcgyben: 40\/200-250 \u00e9s a 2-es gomb. Ha k\u00e9rnek anyagot (pl. fot\u00f3kat) azt a <a href=\"mailto:vagyonkarrendezes@generali.hu\">vagyonkarrendezes@generali.hu<\/a> c\u00edmre kell k\u00fcldeni.<\/del><\/li>\n<li><del>generali@generali.hu<\/del><\/li>\n<li><del>Szolg\u00e1ltat\u00e1s: \u00e9p\u00fcletbiztos\u00edt\u00e1s 66.03<\/del><\/li>\n<li><del>K\u00f6tv\u00e9nysz\u00e1m (szerz\u0151d\u00e9s sz\u00e1ma sz\u00f3k\u00f6z\u00f6k n\u00e9lk\u00fcl): 958 412 150 079 358 00. A szerz\u0151d\u00e9s <a href=\"http:\/\/con-spirito.hu\/p2\/2014_01_31_generali_szerzodes\/index.htm\" target=\"_blank\" rel=\"noopener noreferrer\">ide kattintva olvashat\u00f3<\/a>.<\/del><\/li>\n<li><del>Internetes k\u00e1rbejelent\u00e9s: <a href=\"https:\/\/www.generali.hu\/Online_ugyfelszolgalat\/Karbejelentes\/Vagyon%20nyito\/Vagyon.aspx\" target=\"_blank\" rel=\"noopener noreferrer\">Katt ide!<\/a><\/del><\/li>\n<\/ul>\n<p>Budapest F\u0151v\u00e1ros Korm\u00e1nyhivatala Kultur\u00e1lis \u00d6r\u00f6ks\u00e9gv\u00e9delmi Irod\u00e1ja (BFKH K\u00d6I &#8211; szakhat\u00f3s\u00e1g &#8211; ma (2020.) ki tudja mi&#8230;) :<\/p>\n<ul>\n<li>Leposa L\u00e1szl\u00f3 m\u0171eml\u00e9k fel\u00fcgyel\u0151 354-29-50\/248 1051 Bp., V. Sas u. 19. II. em. (Kor\u00e1bban Vinkovits Zsuzsanna)<\/li>\n<li>M\u0171eml\u00e9ki t\u00f6rzssz\u00e1m: M 15345<\/li>\n<li>M\u0171eml\u00e9ki jelent\u0151s\u00e9g\u0171 ter\u00fclet sz\u00e1ma: 15001<\/li>\n<li>Vil\u00e1g\u00f6r\u00f6ks\u00e9gi v\u00e9d\u0151\u00f6vezet azonos\u00edt\u00f3 sz\u00e1ma: [30480]<\/li>\n<li>R\u00e9g\u00e9szeti lel\u0151hely [A K\u00f6z\u00e9pkori Pest \u00e9s k\u00f6rnyezete] azonos\u00edt\u00f3 sz\u00e1ma: 66154 (<a href=\"https:\/\/archeodatabase.hnm.hu\/hu\/download\/32267\/file\/f93adf68-3aa9-4af4-b40b-538fe34cb3ea?type=pdf\" target=\"_blank\" rel=\"noopener noreferrer\">a r\u00e9szletek itt<\/a>)<\/li>\n<li>Az \u00e9p\u00fclet a v\u00e9dett ingatlanok list\u00e1j\u00e1n <a href=\"https:\/\/oroksegvedelem.e-epites.hu\/index.php?hrsz=24013&amp;telepules=1339&amp;results=25\">ide kattintva<\/a> \u00e9rhet\u0151 el.<\/li>\n<li>Ter\u00fclet: 869 m2<\/li>\n<\/ul>\n<p>\u00c9p\u00edt\u00e9si enged\u00e9lyez\u0151 hat\u00f3s\u00e1g (2012. j\u00falius 1-t\u0151l \u00a0m\u0171eml\u00e9k \u00e9p\u00fcletek eset\u00e9ben is):<\/p>\n<ul>\n<li>V. ker. \u00d6nkorm\u00e1nyzat M\u0171szaki Oszt\u00e1lya<\/li>\n<\/ul>\n<p><strong>G\u00e1zm\u0171vek, <span style=\"color: #ff0000;\">g\u00e1zsziv\u00e1rg\u00e1s bejelent\u00e9se<\/span>: +36\/80\/477-333<\/strong> (ingyenes, ha indokolt volt) (2023.07.10.)<\/p>\n<p>Elektromos m\u0171vek (2022.08.09.)<\/p>\n<ul>\n<li>Szolg\u00e1ltat\u00f3: MVM Next Energiakereskedelmi Zrt.<\/li>\n<li>M\u00e9r\u00e9si pont azonos\u00edt\u00f3: HU000210F11-E650672238573-6000012 &#8222;A1&#8221;<\/li>\n<li>Felhaszn\u00e1l\u00f3 azonos\u00edt\u00f3: 21495894<\/li>\n<li>Hibabejelent\u00e9s: 40\/38-39-40 egy\u00e9b \u00fcgyben: 40\/38-38-38<\/li>\n<li>T\u00e1rsash\u00e1zi \u00fcgyint\u00e9z\u00e9s:\u00a01133 Budapest, V\u00e1ci \u00fat 76. (bej\u00e1rat a Dr\u00e1va utca fel\u0151l)<\/li>\n<li><a href=\"https:\/\/www.mvmnext.hu\/\" target=\"_blank\" rel=\"noopener\">MVM honlap<\/a><\/li>\n<li>Vezet\u00e9kjog: ELM\u0170 H\u00e1l\u00f3zati Kft. (1132 Bp., V\u00e1ci \u00fat 72-74.)<\/li>\n<\/ul>\n<p><img loading=\"lazy\" decoding=\"async\" class=\"aligncenter size-full wp-image-1916\" src=\"https:\/\/papnovelde2.hu\/wp-content\/uploads\/2022\/08\/2022-08-09_230635.jpg\" alt=\"\" width=\"547\" height=\"400\" srcset=\"https:\/\/papnovelde2.hu\/wp-content\/uploads\/2022\/08\/2022-08-09_230635.jpg 547w, https:\/\/papnovelde2.hu\/wp-content\/uploads\/2022\/08\/2022-08-09_230635-300x219.jpg 300w\" sizes=\"auto, (max-width: 547px) 100vw, 547px\" \/><\/p>\n<p>D\u00edjbeszed\u0151 (v\u00edz, csatorna, szem\u00e9t):<\/p>\n<ul>\n<li>Fizet\u0151azonos\u00edt\u00f3: 513850592<\/li>\n<li>\u00dcgyf\u00e9lszolg\u00e1lat: 1\/414-50-00<\/li>\n<li>Mell\u00e9kv\u00edzm\u00e9r\u0151-\u00e1ll\u00e1sok bejelent\u00e9se: 80\/203-613<\/li>\n<li>1062 Budapest, Lehel u.5.<\/li>\n<li>ufig.lehel@dbrt.hu<\/li>\n<li>Fax: 239-09-65<\/li>\n<li><a href=\"http:\/\/dbrt.hu\/\" target=\"_blank\" rel=\"noopener noreferrer\">dbrt.hu<\/a><\/li>\n<\/ul>\n<div>F\u0151v\u00e1rosi K\u00f6zter\u00fclet-fenntart\u00f3:<\/div>\n<div>\n<ul>\n<li>Fogyaszt\u00f3 neve: T\u00e1rsash\u00e1z<\/li>\n<li>Felhaszn\u00e1l\u00f3 azonos\u00edt\u00f3: 133018596 (pl. a rezsics\u00f6kkent\u00e9shez)<\/li>\n<li>Fogyaszt\u00f3 azonos\u00edt\u00f3: 05\/515711\/10 (hullad\u00e9kszed\u00e9si d\u00edj)<\/li>\n<li><a href=\"http:\/\/www.fkf.hu\/portal\/page\/portal\/fkf\" target=\"_blank\" rel=\"noopener noreferrer\">fkf.hu<\/a><\/li>\n<li>E-mail:\u00a0<a href=\"mailto:fkfzrt@fkf.hu\"><span style=\"color: #000000;\">fkfzrt@fkf.hu<\/span><\/a><\/li>\n<li>\u00dcgyf\u00e9lszolg\u00e1lat: 1098 Bp., Ecseri \u00fat 8-12. H:8-20, K-Cs:8-16:30, P:8-12<\/li>\n<\/ul>\n<div>F\u0151v\u00e1rosi Csatorn\u00e1z\u00e1si M\u0171vek Zrt.:<\/div>\n<div>\n<ul>\n<li>\u00dcgyf\u00e9lk\u00f3d: 751 361 821 (ez egyben a v\u00edzm\u00e9r\u0151 sz\u00e1ma)<\/li>\n<li>1087 Budapest, Kerepesi \u00fat 19. (Az Asztalos S\u00e1ndor u. fel\u0151l a bej\u00e1rat.) \u00dcgyf\u00e9lfogad\u00e1s: H:8-20, K-Cs: 8-16, P:8-11:30)<\/li>\n<li>Tel.: 455-43-06<\/li>\n<li>E-mail:\u00a0<a href=\"mailto:ugyfelszolgalat@fcsm.hu\">ugyfelszolgalat@fcsm.hu<\/a><\/li>\n<li><a href=\"http:\/\/www.fcsm.hu\/\">http:\/\/www.fcsm.hu\/<\/a><\/li>\n<\/ul>\n<\/div>\n<\/div>\n<div>F\u0151v\u00e1rosi V\u00edz M\u0171vek Zrt.:<\/div>\n<div>\n<ul>\n<li>Fogyaszt\u00f3 neve: T\u00c1RSASH\u00c1Z<\/li>\n<li>Fogyaszt\u00e1si hely: 1053 Bp., Papn\u00f6velde u.2. (A sz\u00e1ml\u00e1n 1056 van!)<\/li>\n<li>Foly\u00f3sz\u00e1mla azonos\u00edt\u00f3: 99000379296<\/li>\n<li>\u00dczleti partner sz\u00e1m: ??? (ezt a baroms\u00e1got csak a Her\u00f3des rosseb tudja!)<\/li>\n<li>Fogyaszt\u00f3 azonos\u00edt\u00f3: 05\/139399\/10<\/li>\n<li>Fizet\u0151 azonos\u00edt\u00f3: 526454654<\/li>\n<li>Sz\u00e1mlasz\u00e1m: FVM\/52636337<\/li>\n<li>\u00dcgyf\u00e9lszolg\u00e1lat: 1134 Bp., V\u00e1ci \u00fat 23-27.<\/li>\n<\/ul>\n<\/div>\n<p>Tulajdonosi viszonyok (2012.04.26.):<\/p>\n<ul>\n<li>Ker\u00fcleti \u00d6nkorm\u00e1nyzat 3,62%<\/li>\n<li>Mag\u00e1nszem\u00e9lyek 90,00%<\/li>\n<li>Gazdas\u00e1gi t\u00e1rsas\u00e1gok, irod\u00e1k 6,38%<\/li>\n<li>F\u0151v\u00e1rosi \u00d6nkorm\u00e1nyzat 0,00%<\/li>\n<li>K\u00fclf\u00f6ldi tulajdon 0,00%<\/li>\n<li>Egy\u00e9b tulajdon 0,00%<\/li>\n<\/ul>\n<p>A h\u00e1zunk az <a href=\"https:\/\/oroksegvedelem.e-epites.hu\/\" target=\"_blank\" rel=\"noopener\">Orsz\u00e1gos \u00c9p\u00edt\u00e9s\u00fcgyi Nyilv\u00e1ntart\u00e1s, v\u00e9dett ingatlanok<\/a> list\u00e1j\u00e1n:<\/p>\n<p><img loading=\"lazy\" decoding=\"async\" class=\"aligncenter size-full wp-image-1753\" src=\"https:\/\/papnovelde2.hu\/wp-content\/uploads\/2021\/11\/2021-11-22_002400.jpg\" alt=\"\" width=\"1024\" height=\"339\" srcset=\"https:\/\/papnovelde2.hu\/wp-content\/uploads\/2021\/11\/2021-11-22_002400.jpg 1024w, https:\/\/papnovelde2.hu\/wp-content\/uploads\/2021\/11\/2021-11-22_002400-300x99.jpg 300w, https:\/\/papnovelde2.hu\/wp-content\/uploads\/2021\/11\/2021-11-22_002400-768x254.jpg 768w\" sizes=\"auto, (max-width: 1024px) 100vw, 1024px\" \/><\/p>\n<p><a href=\"http:\/\/otker.intermap.hu\/fortemap\/map\/show\/otker\">Intermap az V. ker\u00fcletr\u0151l<\/a> (2016.12.16.)<\/p>\n<p><img loading=\"lazy\" decoding=\"async\" class=\"aligncenter size-medium_large wp-image-1289\" src=\"https:\/\/papnovelde2.hu\/wp-content\/uploads\/2012\/04\/2016-12-16_094914-768x310.jpg\" alt=\"2016-12-16_094914\" width=\"620\" height=\"250\" srcset=\"https:\/\/papnovelde2.hu\/wp-content\/uploads\/2012\/04\/2016-12-16_094914-768x310.jpg 768w, https:\/\/papnovelde2.hu\/wp-content\/uploads\/2012\/04\/2016-12-16_094914-300x121.jpg 300w, https:\/\/papnovelde2.hu\/wp-content\/uploads\/2012\/04\/2016-12-16_094914-1024x414.jpg 1024w, https:\/\/papnovelde2.hu\/wp-content\/uploads\/2012\/04\/2016-12-16_094914.jpg 1373w\" sizes=\"auto, (max-width: 620px) 100vw, 620px\" \/><\/p>\n<p>C\u00edm adatok: Papn\u00f6velde u 2, Veres P\u00e1ln\u00e9 u. 18, Cukor u 7<br \/>\nHRSZ: 24013<br \/>\nT\u00f6mbsz\u00e1m: 30<\/p>\n<table width=\"547px\" cellspacing=\"0\" cellpadding=\"0\" align=\"center\">\n<tbody>\n<tr>\n<td colspan=\"2\" align=\"center\"><\/td>\n<\/tr>\n<tr>\n<td colspan=\"2\" align=\"center\">\n<table width=\"100%\">\n<tbody>\n<tr>\n<td align=\"left\"><\/td>\n<td colspan=\"2\" align=\"right\" valign=\"top\" width=\"200\">M\u00e9retar\u00e1ny = 1 : 3380<\/td>\n<\/tr>\n<\/tbody>\n<\/table>\n<\/td>\n<\/tr>\n<tr>\n<td colspan=\"2\" align=\"center\">\n<table class=\"adatokTabla\" width=\"547px\" cellspacing=\"0\" cellpadding=\"0\">\n<tbody>\n<tr>\n<td class=\"adatokCella\" width=\"150px\">C\u00edm adatok<\/td>\n<td class=\"adatokCella\">Papn\u00f6velde u 2, Veres P\u00e1ln\u00e9 u. 18, Cukor u 7<\/td>\n<\/tr>\n<tr>\n<td class=\"adatokCella\" width=\"150px\">HRSZ:<\/td>\n<td class=\"adatokCella\">24013<\/td>\n<\/tr>\n<tr>\n<td class=\"adatokCella\" width=\"150px\">T\u00f6mbsz\u00e1m:<\/td>\n<td class=\"adatokCella\">30<\/td>\n<\/tr>\n<\/tbody>\n<\/table>\n<table class=\"adatokTabla\" width=\"547px\" cellspacing=\"0\" cellpadding=\"0\">\n<tbody>\n<tr>\n<td class=\"adatokCella\" width=\"150px\">\u00d6vezeti besorol\u00e1s (SZT):<\/td>\n<td class=\"adatokCella\">VK-V-R\/L<\/td>\n<\/tr>\n<tr>\n<td class=\"adatokCella\" width=\"150px\">\u00e9p\u00fclet megtart\u00e1s &gt; k\u00f6telezo rendelkez\u00e9s m\u00e1s jogszab\u00e1ly alapj\u00e1n:<\/td>\n<td class=\"adatokCella\">k\u00f6telez\u0151en megtartand\u00f3 \u00e9p\u00fclet<\/td>\n<\/tr>\n<tr>\n<td class=\"adatokCella\" width=\"150px\">Megl\u00e9vo \u00e9p\u00fclet utcafronti tetozet\u00e9n ny\u00edl\u00e1sz\u00e1r\u00f3 l\u00e9tes\u00edt\u00e9se &gt; k\u00f6telezo rendelkez\u00e9s (SZT):<\/td>\n<td class=\"adatokCella\">nem l\u00e9tes\u00edthet?<\/td>\n<\/tr>\n<tr>\n<td class=\"adatokCella\" width=\"150px\">Emeletr\u00e1\u00e9p\u00edt\u00e9s lehetos\u00e9g\u00e9re kijel\u00f6lt \u00e9p\u00fclet &gt; k\u00f6telezo rendelkez\u00e9s(SZT):<\/td>\n<td class=\"adatokCella\">42\/B.\u00a7 (7) szerint<\/td>\n<\/tr>\n<tr>\n<td class=\"adatokCella\" width=\"150px\">F\u00f6ldszint \/ passz\u00e1zs \/ \u00e1rk\u00e1d \/ udvar &gt; k\u00f6telezo rendelkez\u00e9s vagy javaslat (5.1. mell\u00e9klet):<\/td>\n<td class=\"adatokCella\">Haszn\u00e1laton k\u00edv\u00fcli \u00e1rk\u00e1d megsz\u00fcntethet\u0151, be\u00e9p\u00edthet\u0151<\/td>\n<\/tr>\n<tr>\n<td class=\"adatokCella\" width=\"150px\">Udvar lefed\u00e9se \/ kert kialak\u00edt\u00e1sa &gt; k\u00f6telezo rendelkez\u00e9s vagy javaslat (5.1. mell\u00e9klet):<\/td>\n<td class=\"adatokCella\"><\/td>\n<\/tr>\n<tr>\n<td class=\"adatokCella\" width=\"150px\">Parkol\u00e1s megold\u00e1sa &gt; k\u00f6telezo rendelkez\u00e9s vagy javaslat(5.2. mell\u00e9klet):<\/td>\n<td class=\"adatokCella\">telken bel\u00fcl nem k\u00f6telez\u0151<\/td>\n<\/tr>\n<\/tbody>\n<\/table>\n<table class=\"adatokTabla\" width=\"547px\" cellspacing=\"0\" cellpadding=\"0\">\n<tbody>\n<tr>\n<td class=\"adatokCella\" width=\"150px\">M &#8211; MUEML\u00c9KI v\u00e9delem :<\/td>\n<td class=\"adatokCella\">M<\/td>\n<\/tr>\n<tr>\n<td class=\"adatokCella\" width=\"150px\">M &#8211; MUEML\u00c9KI v\u00e9delem t\u00f6rzssz\u00e1ma:<\/td>\n<td class=\"adatokCella\">577,M 15345<\/td>\n<\/tr>\n<tr>\n<td class=\"adatokCella\" width=\"150px\">MJT &#8211; mueml\u00e9ki jelentos\u00e9gu ter\u00fclet:<\/td>\n<td class=\"adatokCella\">MJT<\/td>\n<\/tr>\n<tr>\n<td class=\"adatokCella\" width=\"150px\">VHU &#8211; ker\u00fcleti utcak\u00e9pi v\u00e9delem (helyi v\u00e9delem):<\/td>\n<td class=\"adatokCella\"><\/td>\n<\/tr>\n<tr>\n<td class=\"adatokCella\" width=\"150px\">Nyrl &#8211; Nyilv\u00e1ntartott r\u00e9g\u00e9szeti lelohely:<\/td>\n<td class=\"adatokCella\">Nyrl<\/td>\n<\/tr>\n<tr>\n<td class=\"adatokCella\" width=\"150px\">magass\u00e1gi korl\u00e1toz\u00e1s &#8211; mikrohull\u00e1m\u00fa s\u00e1v:<\/td>\n<td class=\"adatokCella\">80 m<\/td>\n<\/tr>\n<\/tbody>\n<\/table>\n<table class=\"adatokTabla\" width=\"547px\" cellspacing=\"0\" cellpadding=\"0\">\n<tbody>\n<tr>\n<td class=\"adatokCella\" width=\"150px\">St\u00edlus:<\/td>\n<td class=\"adatokCella\">(barokk h\u00e1zr\u00e9sz be\u00e9p\u00edtve) klasszicista<\/td>\n<\/tr>\n<tr>\n<td class=\"adatokCella\" width=\"150px\">\u00c9p\u00edt\u00e9s \u00e9ve:<\/td>\n<td class=\"adatokCella\">1841+helyre\u00e1ll. 1961 ut\u00e1n<\/td>\n<\/tr>\n<tr>\n<td class=\"adatokCella\" width=\"150px\">\u00c9p\u00edt\u00e9sz:<\/td>\n<td class=\"adatokCella\">Hild J\u00f3zsef terve, Hild J\u00f3zsef \u00e9p\u00edt\u0151+helyre\u00e1ll. <a href=\"https:\/\/hu.wikipedia.org\/wiki\/V%C3%A1k%C3%A1r_Tibor\">V\u00e1k\u00e1r Tibor<\/a><\/td>\n<\/tr>\n<tr>\n<td class=\"adatokCella\" width=\"150px\">\u00c9p\u00edtteto:<\/td>\n<td class=\"adatokCella\">R\u00e1th K\u00e1roly<\/td>\n<\/tr>\n<tr>\n<td class=\"adatokCella\" width=\"150px\">Egy\u00e9b \/ megjegyz\u00e9s:<\/td>\n<td class=\"adatokCella\">v. &#8222;R\u00e1th-h\u00e1z&#8221; a V.Pn\u00e9 u-i fsz-I.em-i barokk h\u00e1zr\u00e9sz befoglalva!<\/td>\n<\/tr>\n<\/tbody>\n<\/table>\n<\/td>\n<\/tr>\n<tr>\n<td id=\"kepek\" colspan=\"2\" align=\"center\"><img decoding=\"async\" src=\"http:\/\/otker.intermap.hu\/fortemap\/epulet_fotok\/otker\/thumbnails2\/th_24013_1.JPG\" \/><\/p>\n<p><img decoding=\"async\" src=\"http:\/\/otker.intermap.hu\/fortemap\/epulet_fotok\/otker\/thumbnails2\/th_24013_2.JPG\" \/><\/p>\n<p><img decoding=\"async\" src=\"http:\/\/otker.intermap.hu\/fortemap\/epulet_fotok\/otker\/thumbnails2\/th_24013_3.JPG\" \/><\/p>\n<p><img decoding=\"async\" src=\"http:\/\/otker.intermap.hu\/fortemap\/epulet_fotok\/otker\/thumbnails2\/th_24013_4.JPG\" \/><\/p>\n<p><img decoding=\"async\" src=\"http:\/\/otker.intermap.hu\/fortemap\/epulet_fotok\/otker\/thumbnails2\/th_24013_5.JPG\" \/><\/p>\n<p><img decoding=\"async\" src=\"http:\/\/otker.intermap.hu\/fortemap\/epulet_fotok\/otker\/thumbnails2\/th_24013_6.JPG\" \/><\/p>\n<p><img decoding=\"async\" src=\"http:\/\/otker.intermap.hu\/fortemap\/epulet_fotok\/otker\/thumbnails2\/th_24013_7.JPG\" \/><\/p>\n<p><img decoding=\"async\" src=\"http:\/\/otker.intermap.hu\/fortemap\/epulet_fotok\/otker\/thumbnails2\/th_24013_8.JPG\" \/><\/p>\n<p><img decoding=\"async\" src=\"http:\/\/otker.intermap.hu\/fortemap\/epulet_fotok\/otker\/thumbnails2\/th_24013_9.JPG\" \/><\/p>\n<p><img decoding=\"async\" src=\"http:\/\/otker.intermap.hu\/fortemap\/epulet_fotok\/otker\/thumbnails2\/th_24013_10.JPG\" \/><\/p>\n<p><img decoding=\"async\" src=\"http:\/\/otker.intermap.hu\/fortemap\/epulet_fotok\/otker\/thumbnails2\/th_24013_11.JPG\" \/><\/td>\n<\/tr>\n<tr>\n<td colspan=\"2\" align=\"center\"><\/td>\n<\/tr>\n<tr>\n<td colspan=\"2\" align=\"center\"><input id=\"btPrint\" name=\"btPrint\" type=\"submit\" value=\"Nyomtat\u00e1s\" \/><\/td>\n<\/tr>\n<\/tbody>\n<\/table>\n","protected":false},"excerpt":{"rendered":"<p>A f\u00e9lre\u00e9rt\u00e9sek elker\u00fcl\u00e9se v\u00e9gett ez a weboldal nem a T\u00e1rsash\u00e1z hivatalos honlapja, csak n\u00e9mi t\u00e1j\u00e9koztat\u00f3&#8230; Elnevez\u00e9se (ceginformacio.hu szerint): T\u00c1RSASH\u00c1Z 1053 PAPN\u00d6VELDE U.2. C\u00edme: 1053 Budapest, Papn\u00f6velde u.2. Helyrajzi sz\u00e1ma: 24013&#8230;<\/p>\n","protected":false},"author":1,"featured_media":0,"parent":0,"menu_order":15,"comment_status":"closed","ping_status":"open","template":"","meta":{"footnotes":""},"class_list":["post-18","page","type-page","status-publish","hentry","entry","simple"],"_links":{"self":[{"href":"https:\/\/papnovelde2.hu\/index.php?rest_route=\/wp\/v2\/pages\/18","targetHints":{"allow":["GET"]}}],"collection":[{"href":"https:\/\/papnovelde2.hu\/index.php?rest_route=\/wp\/v2\/pages"}],"about":[{"href":"https:\/\/papnovelde2.hu\/index.php?rest_route=\/wp\/v2\/types\/page"}],"author":[{"embeddable":true,"href":"https:\/\/papnovelde2.hu\/index.php?rest_route=\/wp\/v2\/users\/1"}],"replies":[{"embeddable":true,"href":"https:\/\/papnovelde2.hu\/index.php?rest_route=%2Fwp%2Fv2%2Fcomments&post=18"}],"version-history":[{"count":10,"href":"https:\/\/papnovelde2.hu\/index.php?rest_route=\/wp\/v2\/pages\/18\/revisions"}],"predecessor-version":[{"id":2206,"href":"https:\/\/papnovelde2.hu\/index.php?rest_route=\/wp\/v2\/pages\/18\/revisions\/2206"}],"wp:attachment":[{"href":"https:\/\/papnovelde2.hu\/index.php?rest_route=%2Fwp%2Fv2%2Fmedia&parent=18"}],"curies":[{"name":"wp","href":"https:\/\/api.w.org\/{rel}","templated":true}]}}