{"id":1739,"date":"2021-10-12T23:40:06","date_gmt":"2021-10-12T21:40:06","guid":{"rendered":"https:\/\/papnovelde2.hu\/?page_id=1739"},"modified":"2023-06-05T21:47:22","modified_gmt":"2023-06-05T19:47:22","slug":"szerzodesek","status":"publish","type":"page","link":"https:\/\/papnovelde2.hu\/?page_id=1739","title":{"rendered":"Szerz\u0151d\u00e9sek (felt\u00f6lt\u00e9s alatt)"},"content":{"rendered":"<ul>\n<li><a href=\"https:\/\/varosvedo.hu\/P2\/2018_02_01_szekbiro_takaritasi_szerz_20211014_0001.pdf\" target=\"_blank\" rel=\"noopener\">H\u00e1z takar\u00edt\u00f3<\/a> (Sz\u00e9kb\u00edr\u00f3 D\u00f3ra, 2018.02.01.)<\/li>\n<li>K\u00f6z\u00f6s k\u00e9pvisel\u0151 (Jeney Attila, 2020.10.01.)<\/li>\n<li><a href=\"https:\/\/varosvedo.hu\/P2\/2021_10_01_p2_ehaz_szerzodes_20211001_0001.pdf\" target=\"_blank\" rel=\"noopener\">eH\u00e1z szerz\u0151d\u00e9s<\/a> Info Sierra Kft. (2021.10.01.)<\/li>\n<li><a href=\"https:\/\/varosvedo.hu\/P2\/2021_10_01_gosuly_szerzodes_20211019_0001.pdf\" target=\"_blank\" rel=\"noopener\">eH\u00e1z k\u00f6nyvel\u00e9s<\/a> (Gosuly Jol\u00e1n 2021.10.01.)<\/li>\n<li><a href=\"https:\/\/varosvedo.hu\/P2\/2022_02_25_p2_kocsis_takaritasi_szerzodes_20220312_0001.pdf\" target=\"_blank\" rel=\"noopener\">H\u00e1z takar\u00edt\u00f3<\/a> (Kocsis L\u00e1szl\u00f3) 2022.02.25.)<\/li>\n<li><a href=\"https:\/\/varosvedo.hu\/P2\/2022_12_31_gosuly_20230327_0001.pdf\" target=\"_blank\" rel=\"noopener\">Gosuj Jol\u00e1n szerz\u0151d\u00e9s\u00e9nek felmond\u00e1sa<\/a> (2022.12.31)<\/li>\n<li><a href=\"https:\/\/varosvedo.hu\/P2\/2023_03_02_infos_20230327_0001.pdf\" target=\"_blank\" rel=\"noopener\">eH\u00e1z szerz\u0151d\u00e9s<\/a> (Info Sierra) 2023.03.02.<\/li>\n<li><a href=\"https:\/\/varosvedo.hu\/P2\/2023_04_29_hoppal_20230508_0001.pdf\" target=\"_blank\" rel=\"noopener\">H\u00e1z takar\u00edt\u00f3<\/a> (Hopp\u00e1l B\u00e1lint Attila, 2023.09.29.)<\/li>\n<li><a href=\"https:\/\/varosvedo.hu\/P2\/2023_05_29_ruff_ildiko_szerzodese_20230605_0001.pdf\" target=\"_blank\" rel=\"noopener\">H\u00e1z takar\u00edt\u00f3<\/a> (Ruff Ildik\u00f3, 2023.06.01.)<\/li>\n<\/ul>\n","protected":false},"excerpt":{"rendered":"<p>H\u00e1z takar\u00edt\u00f3 (Sz\u00e9kb\u00edr\u00f3 D\u00f3ra, 2018.02.01.) K\u00f6z\u00f6s k\u00e9pvisel\u0151 (Jeney Attila, 2020.10.01.) eH\u00e1z szerz\u0151d\u00e9s Info Sierra Kft. (2021.10.01.) eH\u00e1z k\u00f6nyvel\u00e9s (Gosuly Jol\u00e1n 2021.10.01.) H\u00e1z takar\u00edt\u00f3 (Kocsis L\u00e1szl\u00f3) 2022.02.25.) Gosuj Jol\u00e1n szerz\u0151d\u00e9s\u00e9nek felmond\u00e1sa&#8230;<\/p>\n","protected":false},"author":1,"featured_media":0,"parent":0,"menu_order":0,"comment_status":"closed","ping_status":"closed","template":"","meta":{"footnotes":""},"class_list":["post-1739","page","type-page","status-publish","hentry","entry","simple"],"_links":{"self":[{"href":"https:\/\/papnovelde2.hu\/index.php?rest_route=\/wp\/v2\/pages\/1739","targetHints":{"allow":["GET"]}}],"collection":[{"href":"https:\/\/papnovelde2.hu\/index.php?rest_route=\/wp\/v2\/pages"}],"about":[{"href":"https:\/\/papnovelde2.hu\/index.php?rest_route=\/wp\/v2\/types\/page"}],"author":[{"embeddable":true,"href":"https:\/\/papnovelde2.hu\/index.php?rest_route=\/wp\/v2\/users\/1"}],"replies":[{"embeddable":true,"href":"https:\/\/papnovelde2.hu\/index.php?rest_route=%2Fwp%2Fv2%2Fcomments&post=1739"}],"version-history":[{"count":10,"href":"https:\/\/papnovelde2.hu\/index.php?rest_route=\/wp\/v2\/pages\/1739\/revisions"}],"predecessor-version":[{"id":2131,"href":"https:\/\/papnovelde2.hu\/index.php?rest_route=\/wp\/v2\/pages\/1739\/revisions\/2131"}],"wp:attachment":[{"href":"https:\/\/papnovelde2.hu\/index.php?rest_route=%2Fwp%2Fv2%2Fmedia&parent=1739"}],"curies":[{"name":"wp","href":"https:\/\/api.w.org\/{rel}","templated":true}]}}