{"id":114,"date":"2012-04-20T00:50:29","date_gmt":"2012-04-19T22:50:29","guid":{"rendered":"https:\/\/papnovelde2.hu\/?page_id=114"},"modified":"2019-10-12T13:41:31","modified_gmt":"2019-10-12T11:41:31","slug":"koszonto","status":"publish","type":"page","link":"https:\/\/papnovelde2.hu\/?page_id=114","title":{"rendered":"K\u00f6sz\u00f6nt\u0151"},"content":{"rendered":"<h2 style=\"text-align: justify;\"><a href=\"https:\/\/papnovelde2.hu\/rolunk\/koszonto\/attachment\/2012-04-24_011051\/\" rel=\"attachment wp-att-184\"><img loading=\"lazy\" decoding=\"async\" class=\"alignright size-medium wp-image-184\" title=\"K\u00f6sz\u00f6nt\u0151\" src=\"https:\/\/papnovelde2.hu\/wp-content\/uploads\/2012\/04\/2012-04-24_011051-300x198.png\" alt=\"\" width=\"300\" height=\"198\" srcset=\"https:\/\/papnovelde2.hu\/wp-content\/uploads\/2012\/04\/2012-04-24_011051-300x198.png 300w, https:\/\/papnovelde2.hu\/wp-content\/uploads\/2012\/04\/2012-04-24_011051.png 383w\" sizes=\"auto, (max-width: 300px) 100vw, 300px\" \/><\/a>Kedves Lak\u00f3t\u00e1rsunk, kedves Olvas\u00f3!<\/h2>\n<p style=\"text-align: justify;\">K\u00f6sz\u00f6nt\u00f6m a R\u00e1th-h\u00e1z weboldal\u00e1n, melynek c\u00e9lja n\u00e9mi t\u00e1j\u00e9koztat\u00e1s az \u00e9p\u00fclet m\u0171k\u00f6d\u00e9s\u00e9hez sz\u00fcks\u00e9ges inform\u00e1ci\u00f3k tov\u00e1bb\u00edt\u00e1sa. Fontosnak tekintj\u00fck a\u00a0k\u00f6z\u00f6ss\u00e9gteremt\u00e9st, hogy egym\u00e1s gondolatainak, v\u00e9lem\u00e9ny\u00e9nek megismer\u00e9s\u00e9vel elker\u00fclj\u00fck a f\u00e9lre\u00e9rt\u00e9seket, seg\u00edts\u00fck egym\u00e1st.<\/p>\n<p style=\"text-align: justify;\">Miut\u00e1n egy el\u00e9g r\u00e9gi, egyes r\u00e9szeit tekintve tal\u00e1n 200 \u00e9vesn\u00e9l is id\u0151sebb \u00e9p\u00fcletr\u0151l van sz\u00f3, fontos c\u00e9lnak tekintj\u00fck a m\u00falt megismer\u00e9s\u00e9t mind \u00e9p\u00edt\u00e9szeti, mind kult\u00fart\u00f6rt\u00e9neti szempontb\u00f3l. \u00d6r\u00f6mmel l\u00e1tunk mindenkit, aki ebben a munk\u00e1ban b\u00e1rmilyen vonatkoz\u00e1sban r\u00e9szt vesz.<\/p>\n<hr \/>\n<p style=\"text-align: justify;\">Tal\u00e1n m\u00e1r vannak ebben a h\u00e1zban j\u00f3 tapasztalatok <a href=\"http:\/\/oroszlanklub.com\/koszonto\/akik-dolgoztak-erte\/\" target=\"_blank\" rel=\"noopener\">az itt lak\u00f3k \u00f6sszefog\u00e1s\u00e1ra<\/a>, m\u00e9g jobban szeretn\u00e9k sz\u00e1m\u00edtani mindenek el\u0151tt a Tulajdonosok \u00e9rdemi k\u00f6zrem\u0171k\u00f6d\u00e9s\u00e9re, hogy a h\u00e1zunk ne t\u00f6nkremenjen oktalan hozz\u00e1\u00e1ll\u00e1sunk miatt, hanem siker\u00fclj\u00f6n a benne lev\u0151 \u00e9rt\u00e9keket meg\u0151rizni, vagy m\u00e9g ink\u00e1bb kibontakoztatni.<\/p>\n<p style=\"text-align: justify;\">K\u00f6sz\u00f6nettel minden esetleges seg\u00edts\u00e9g\u00e9rt:<br \/>\nJeney Attila<br \/>\ngondnok (h\u00e1zmester) 2018. decembert\u0151l<\/p>\n<p style=\"text-align: justify;\">\n","protected":false},"excerpt":{"rendered":"<p>Kedves Lak\u00f3t\u00e1rsunk, kedves Olvas\u00f3! K\u00f6sz\u00f6nt\u00f6m a R\u00e1th-h\u00e1z weboldal\u00e1n, melynek c\u00e9lja n\u00e9mi t\u00e1j\u00e9koztat\u00e1s az \u00e9p\u00fclet m\u0171k\u00f6d\u00e9s\u00e9hez sz\u00fcks\u00e9ges inform\u00e1ci\u00f3k tov\u00e1bb\u00edt\u00e1sa. Fontosnak tekintj\u00fck a\u00a0k\u00f6z\u00f6ss\u00e9gteremt\u00e9st, hogy egym\u00e1s gondolatainak, v\u00e9lem\u00e9ny\u00e9nek megismer\u00e9s\u00e9vel elker\u00fclj\u00fck a f\u00e9lre\u00e9rt\u00e9seket, seg\u00edts\u00fck&#8230;<\/p>\n","protected":false},"author":1,"featured_media":0,"parent":105,"menu_order":0,"comment_status":"closed","ping_status":"closed","template":"","meta":{"footnotes":""},"class_list":["post-114","page","type-page","status-publish","hentry","entry","simple"],"_links":{"self":[{"href":"https:\/\/papnovelde2.hu\/index.php?rest_route=\/wp\/v2\/pages\/114","targetHints":{"allow":["GET"]}}],"collection":[{"href":"https:\/\/papnovelde2.hu\/index.php?rest_route=\/wp\/v2\/pages"}],"about":[{"href":"https:\/\/papnovelde2.hu\/index.php?rest_route=\/wp\/v2\/types\/page"}],"author":[{"embeddable":true,"href":"https:\/\/papnovelde2.hu\/index.php?rest_route=\/wp\/v2\/users\/1"}],"replies":[{"embeddable":true,"href":"https:\/\/papnovelde2.hu\/index.php?rest_route=%2Fwp%2Fv2%2Fcomments&post=114"}],"version-history":[{"count":8,"href":"https:\/\/papnovelde2.hu\/index.php?rest_route=\/wp\/v2\/pages\/114\/revisions"}],"predecessor-version":[{"id":1488,"href":"https:\/\/papnovelde2.hu\/index.php?rest_route=\/wp\/v2\/pages\/114\/revisions\/1488"}],"up":[{"embeddable":true,"href":"https:\/\/papnovelde2.hu\/index.php?rest_route=\/wp\/v2\/pages\/105"}],"wp:attachment":[{"href":"https:\/\/papnovelde2.hu\/index.php?rest_route=%2Fwp%2Fv2%2Fmedia&parent=114"}],"curies":[{"name":"wp","href":"https:\/\/api.w.org\/{rel}","templated":true}]}}